{"id":6011,"date":"2017-11-18T10:25:57","date_gmt":"2017-11-18T07:25:57","guid":{"rendered":"https:\/\/oldtemas.teknolojig.net\/?page_id=6011"},"modified":"2024-05-14T13:48:28","modified_gmt":"2024-05-14T10:48:28","slug":"conference-prompter","status":"publish","type":"page","link":"https:\/\/oldtemas.teknolojig.net\/en\/conference-prompter\/","title":{"rendered":"Conference Prompter"},"content":{"rendered":"<div class=\"wpb-content-wrapper\"><p>[vc_row row_fullwidth=&#8221;&#8221; row_vertical_center=&#8221;&#8221; row_fullheight=&#8221;&#8221; row_zero_column_space=&#8221;&#8221; bg_parallax=&#8221;off&#8221; bg_slider=&#8221;off&#8221; bg_video=&#8221;off&#8221; bottom_button=&#8221;off&#8221; bottom_button_color=&#8221;#222222&#8243; css=&#8221;.vc_custom_1433756055472{margin-top: 2px !important;}&#8221;][vc_column width=&#8221;1\/2&#8243;][vc_single_image image=&#8221;55992&#8243; img_size=&#8221;full&#8221;][\/vc_column][vc_column width=&#8221;1\/2&#8243;][vc_column_text]<\/p>\n<h2>Conference Teleprompter<\/h2>\n<p>The Conference Teleprompter is perfect suitable for\u00a0conference rooms, press rooms, classrooms or any other indoor events where a speaker is\u00a0addressing an audience.[\/vc_column_text]<div class=\"standard-arrow list-divider bullet-top\"><ul>\n<li>1 x For Prompt Software (Multi-language support)<\/li>\n<li>Adjustable Glass Height, Angle<\/li>\n<li>17 \u201cDisplay, Composite, HDMI, VGA Input<\/li>\n<li>1 x Industrial TFT LCD Panel<\/li>\n<li>Image flip \/ mirror on LCD Panel<\/li>\n<li>Resolution 1280X1024<\/li>\n<li>LCD brightness 250 cd \/ m\u00b2<\/li>\n<li>160 \u00b0 viewing angle<\/li>\n<li>1 piece VGA Cable 10mt<\/li>\n<li>\n<div class=\"vc_row wpb_row vc_row-fluid vc_custom_1433756055472\">\n<div class=\"wpb_column vc_column_container vc_col-sm-6\">\n<div class=\"vc_column-inner\">\n<div class=\"wpb_wrapper\">\n<div class=\"wpb_text_column wpb_content_element \">\n<div class=\"wpb_wrapper\">\n<p>Hard Case<\/p>\n<\/div>\n<\/div>\n<\/div>\n<\/div>\n<\/div>\n<\/div>\n<div class=\"vc_row wpb_row vc_row-fluid\">\n<div class=\"wpb_column vc_column_container vc_col-sm-12\">\n<div class=\"vc_column-inner\">\n<div class=\"wpb_wrapper\"><\/div>\n<\/div>\n<\/div>\n<\/div>\n<\/li>\n<\/ul>\n<\/div>[\/vc_column][\/vc_row][vc_row row_fullwidth=&#8221;&#8221; row_vertical_center=&#8221;&#8221; row_fullheight=&#8221;&#8221; row_zero_column_space=&#8221;&#8221; bg_parallax=&#8221;off&#8221; bg_scroll=&#8221;&#8221; bg_slider=&#8221;off&#8221; bg_video=&#8221;off&#8221; bottom_button=&#8221;off&#8221; bottom_button_color=&#8221;#222222&#8243;][vc_column][vc_tabs interval=&#8221;0&#8243;][vc_tab title=&#8221;Features&#8221; tab_id=&#8221;ba9d54dd-184d-6&#8243;][vc_row_inner][vc_column_inner width=&#8221;1\/3&#8243;][vc_column_text]INCLUDED IN THE PACKAGE<\/p>\n<ul>\n<li>LCD Prompter Monitor<\/li>\n<li>Telepromter Glass<\/li>\n<li>Monopod<\/li>\n<li>VGA-HDMI Splitter<\/li>\n<li>VGA Cable (5 meter)<\/li>\n<li>User Manual<\/li>\n<li>Hardware Warranty (1 Year)<\/li>\n<li>Sun Shield Hood<\/li>\n<li>Metal Hardcase<\/li>\n<\/ul>\n<p>[\/vc_column_text][\/vc_column_inner][vc_column_inner width=&#8221;1\/3&#8243;][vc_single_image image=&#8221;55990&#8243; img_size=&#8221;large&#8221;][\/vc_column_inner][vc_column_inner width=&#8221;1\/3&#8243;][vc_single_image image=&#8221;55988&#8243; img_size=&#8221;large&#8221;][\/vc_column_inner][\/vc_row_inner][\/vc_tab][vc_tab title=&#8221;Specs&#8221; tab_id=&#8221;1bb013de-4502-2&#8243;][vc_single_image image=&#8221;16157&#8243; img_size=&#8221;full&#8221;][\/vc_tab][vc_tab title=&#8221;Resources&#8221; tab_id=&#8221;1433756651372-3-5&#8243;][vc_column_text]<img decoding=\"async\" class=\"size-full wp-image-7681 alignleft\" src=\"https:\/\/oldtemas.teknolojig.net\/wp-content\/uploads\/2018\/06\/documents.jpg\" alt=\"\" width=\"32\" height=\"32\" \/> <strong>Brochure:<\/strong>\u00a0<a href=\"https:\/\/oldtemas.teknolojig.net\/wp-content\/uploads\/2017\/11\/temas_conference_prompter_v2.pdf\" target=\"_blank\" rel=\"noopener noreferrer\">Download Product Brochure<\/a>[\/vc_column_text][\/vc_tab][\/vc_tabs][\/vc_column][\/vc_row]<\/p>\n<\/div>","protected":false},"excerpt":{"rendered":"<p>[vc_row row_fullwidth=&#8221;&#8221; row_vertical_center=&#8221;&#8221; row_fullheight=&#8221;&#8221; row_zero_column_space=&#8221;&#8221; bg_parallax=&#8221;off&#8221; bg_slider=&#8221;off&#8221; bg_video=&#8221;off&#8221; bottom_button=&#8221;off&#8221; bottom_button_color=&#8221;#222222&#8243; css=&#8221;.vc_custom_1433756055472{margin-top: 2px !important;}&#8221;][vc_column width=&#8221;1\/2&#8243;][vc_single_image image=&#8221;55992&#8243; img_size=&#8221;full&#8221;][\/vc_column][vc_column width=&#8221;1\/2&#8243;][vc_column_text] Conference Teleprompter The Conference Teleprompter is perfect suitable for\u00a0conference rooms, press rooms, classrooms or any other indoor events where a speaker is\u00a0addressing an audience.[\/vc_column_text][\/vc_column][\/vc_row][vc_row row_fullwidth=&#8221;&#8221; row_vertical_center=&#8221;&#8221; row_fullheight=&#8221;&#8221; row_zero_column_space=&#8221;&#8221; bg_parallax=&#8221;off&#8221; bg_scroll=&#8221;&#8221; bg_slider=&#8221;off&#8221; bg_video=&#8221;off&#8221; bottom_button=&#8221;off&#8221; bottom_button_color=&#8221;#222222&#8243;][vc_column][vc_tabs interval=&#8221;0&#8243;][vc_tab title=&#8221;Features&#8221; tab_id=&#8221;ba9d54dd-184d-6&#8243;][vc_row_inner][vc_column_inner width=&#8221;1\/3&#8243;][vc_column_text]INCLUDED&hellip;<\/p>\n","protected":false},"author":1,"featured_media":6007,"parent":0,"menu_order":0,"comment_status":"closed","ping_status":"closed","template":"","meta":{"footnotes":""},"class_list":["post-6011","page","type-page","status-publish","has-post-thumbnail","hentry","description-off"],"yoast_head":"<!-- This site is optimized with the Yoast SEO plugin v26.1.1 - https:\/\/yoast.com\/wordpress\/plugins\/seo\/ -->\n<title>Conference Prompter<\/title>\n<meta name=\"description\" content=\"Complex presentations that require multiple additional devices, communication and power ports, AV control panels, EP22A covers all of them. Professional and more technical meetings, conferences and classes are the places for EP22A. Well designed, dedicated work-areas on top surface allows the speaker to make the presentation neat and tidy\" \/>\n<meta name=\"robots\" content=\"index, follow, max-snippet:-1, max-image-preview:large, max-video-preview:-1\" \/>\n<link rel=\"canonical\" href=\"https:\/\/oldtemas.teknolojig.net\/en\/conference-prompter\/\" \/>\n<meta property=\"og:locale\" content=\"en_US\" \/>\n<meta property=\"og:type\" content=\"article\" \/>\n<meta property=\"og:title\" content=\"Conference Prompter\" \/>\n<meta property=\"og:description\" content=\"Complex presentations that require multiple additional devices, communication and power ports, AV control panels, EP22A covers all of them. Professional and more technical meetings, conferences and classes are the places for EP22A. Well designed, dedicated work-areas on top surface allows the speaker to make the presentation neat and tidy\" \/>\n<meta property=\"og:url\" content=\"https:\/\/oldtemas.teknolojig.net\/en\/conference-prompter\/\" \/>\n<meta property=\"og:site_name\" content=\"Digital Signage | TEMAS TEKNOLOJ\u0130\" \/>\n<meta property=\"article:publisher\" content=\"https:\/\/www.facebook.com\/temasteknolojitr\/\" \/>\n<meta property=\"article:modified_time\" content=\"2024-05-14T10:48:28+00:00\" \/>\n<meta property=\"og:image\" content=\"https:\/\/oldtemas.teknolojig.net\/wp-content\/uploads\/2017\/11\/Prompter.jpg\" \/>\n\t<meta property=\"og:image:width\" content=\"1000\" \/>\n\t<meta property=\"og:image:height\" content=\"1000\" \/>\n\t<meta property=\"og:image:type\" content=\"image\/jpeg\" \/>\n<meta name=\"twitter:card\" content=\"summary_large_image\" \/>\n<meta name=\"twitter:label1\" content=\"Est. reading time\" \/>\n\t<meta name=\"twitter:data1\" content=\"2 minutes\" \/>\n<script type=\"application\/ld+json\" class=\"yoast-schema-graph\">{\"@context\":\"https:\/\/schema.org\",\"@graph\":[{\"@type\":\"WebPage\",\"@id\":\"https:\/\/oldtemas.teknolojig.net\/en\/conference-prompter\/\",\"url\":\"https:\/\/oldtemas.teknolojig.net\/en\/conference-prompter\/\",\"name\":\"Conference Prompter\",\"isPartOf\":{\"@id\":\"https:\/\/oldtemas.teknolojig.net\/en\/#website\"},\"primaryImageOfPage\":{\"@id\":\"https:\/\/oldtemas.teknolojig.net\/en\/conference-prompter\/#primaryimage\"},\"image\":{\"@id\":\"https:\/\/oldtemas.teknolojig.net\/en\/conference-prompter\/#primaryimage\"},\"thumbnailUrl\":\"https:\/\/oldtemas.teknolojig.net\/wp-content\/uploads\/2017\/11\/Prompter.jpg\",\"datePublished\":\"2017-11-18T07:25:57+00:00\",\"dateModified\":\"2024-05-14T10:48:28+00:00\",\"description\":\"Complex presentations that require multiple additional devices, communication and power ports, AV control panels, EP22A covers all of them. Professional and more technical meetings, conferences and classes are the places for EP22A. Well designed, dedicated work-areas on top surface allows the speaker to make the presentation neat and tidy\",\"breadcrumb\":{\"@id\":\"https:\/\/oldtemas.teknolojig.net\/en\/conference-prompter\/#breadcrumb\"},\"inLanguage\":\"en-US\",\"potentialAction\":[{\"@type\":\"ReadAction\",\"target\":[\"https:\/\/oldtemas.teknolojig.net\/en\/conference-prompter\/\"]}]},{\"@type\":\"ImageObject\",\"inLanguage\":\"en-US\",\"@id\":\"https:\/\/oldtemas.teknolojig.net\/en\/conference-prompter\/#primaryimage\",\"url\":\"https:\/\/oldtemas.teknolojig.net\/wp-content\/uploads\/2017\/11\/Prompter.jpg\",\"contentUrl\":\"https:\/\/oldtemas.teknolojig.net\/wp-content\/uploads\/2017\/11\/Prompter.jpg\",\"width\":1000,\"height\":1000},{\"@type\":\"BreadcrumbList\",\"@id\":\"https:\/\/oldtemas.teknolojig.net\/en\/conference-prompter\/#breadcrumb\",\"itemListElement\":[{\"@type\":\"ListItem\",\"position\":1,\"name\":\"Ana Sayfa\",\"item\":\"https:\/\/oldtemas.teknolojig.net\/en\/\"},{\"@type\":\"ListItem\",\"position\":2,\"name\":\"Conference Prompter\"}]},{\"@type\":\"WebSite\",\"@id\":\"https:\/\/oldtemas.teknolojig.net\/en\/#website\",\"url\":\"https:\/\/oldtemas.teknolojig.net\/en\/\",\"name\":\"Digital Signage, Video Konferans, Profesyonel G\u00f6r\u00fcnt\u00fc ve Ses Sistemleri\",\"description\":\"Digital Signage &amp; Digital Interactive Display Solutions\",\"publisher\":{\"@id\":\"https:\/\/oldtemas.teknolojig.net\/en\/#organization\"},\"alternateName\":\"TEMAS TEKNOLOJ\u0130\",\"potentialAction\":[{\"@type\":\"SearchAction\",\"target\":{\"@type\":\"EntryPoint\",\"urlTemplate\":\"https:\/\/oldtemas.teknolojig.net\/en\/?s={search_term_string}\"},\"query-input\":{\"@type\":\"PropertyValueSpecification\",\"valueRequired\":true,\"valueName\":\"search_term_string\"}}],\"inLanguage\":\"en-US\"},{\"@type\":\"Organization\",\"@id\":\"https:\/\/oldtemas.teknolojig.net\/en\/#organization\",\"name\":\"Temas Teknoloji\",\"url\":\"https:\/\/oldtemas.teknolojig.net\/en\/\",\"logo\":{\"@type\":\"ImageObject\",\"inLanguage\":\"en-US\",\"@id\":\"https:\/\/oldtemas.teknolojig.net\/en\/#\/schema\/logo\/image\/\",\"url\":\"https:\/\/oldtemas.teknolojig.net\/wp-content\/uploads\/2020\/01\/temaslogo1.png\",\"contentUrl\":\"https:\/\/oldtemas.teknolojig.net\/wp-content\/uploads\/2020\/01\/temaslogo1.png\",\"width\":150,\"height\":43,\"caption\":\"Temas Teknoloji\"},\"image\":{\"@id\":\"https:\/\/oldtemas.teknolojig.net\/en\/#\/schema\/logo\/image\/\"},\"sameAs\":[\"https:\/\/www.facebook.com\/temasteknolojitr\/\",\"https:\/\/www.linkedin.com\/company\/temastechnology\/\",\"https:\/\/www.instagram.com\/temasteknoloji\/\"]}]}<\/script>\n<!-- \/ Yoast SEO plugin. -->","yoast_head_json":{"title":"Conference Prompter","description":"Complex presentations that require multiple additional devices, communication and power ports, AV control panels, EP22A covers all of them. Professional and more technical meetings, conferences and classes are the places for EP22A. Well designed, dedicated work-areas on top surface allows the speaker to make the presentation neat and tidy","robots":{"index":"index","follow":"follow","max-snippet":"max-snippet:-1","max-image-preview":"max-image-preview:large","max-video-preview":"max-video-preview:-1"},"canonical":"https:\/\/oldtemas.teknolojig.net\/en\/conference-prompter\/","og_locale":"en_US","og_type":"article","og_title":"Conference Prompter","og_description":"Complex presentations that require multiple additional devices, communication and power ports, AV control panels, EP22A covers all of them. Professional and more technical meetings, conferences and classes are the places for EP22A. Well designed, dedicated work-areas on top surface allows the speaker to make the presentation neat and tidy","og_url":"https:\/\/oldtemas.teknolojig.net\/en\/conference-prompter\/","og_site_name":"Digital Signage | TEMAS TEKNOLOJ\u0130","article_publisher":"https:\/\/www.facebook.com\/temasteknolojitr\/","article_modified_time":"2024-05-14T10:48:28+00:00","og_image":[{"width":1000,"height":1000,"url":"https:\/\/oldtemas.teknolojig.net\/wp-content\/uploads\/2017\/11\/Prompter.jpg","type":"image\/jpeg"}],"twitter_card":"summary_large_image","twitter_misc":{"Est. reading time":"2 minutes"},"schema":{"@context":"https:\/\/schema.org","@graph":[{"@type":"WebPage","@id":"https:\/\/oldtemas.teknolojig.net\/en\/conference-prompter\/","url":"https:\/\/oldtemas.teknolojig.net\/en\/conference-prompter\/","name":"Conference Prompter","isPartOf":{"@id":"https:\/\/oldtemas.teknolojig.net\/en\/#website"},"primaryImageOfPage":{"@id":"https:\/\/oldtemas.teknolojig.net\/en\/conference-prompter\/#primaryimage"},"image":{"@id":"https:\/\/oldtemas.teknolojig.net\/en\/conference-prompter\/#primaryimage"},"thumbnailUrl":"https:\/\/oldtemas.teknolojig.net\/wp-content\/uploads\/2017\/11\/Prompter.jpg","datePublished":"2017-11-18T07:25:57+00:00","dateModified":"2024-05-14T10:48:28+00:00","description":"Complex presentations that require multiple additional devices, communication and power ports, AV control panels, EP22A covers all of them. Professional and more technical meetings, conferences and classes are the places for EP22A. Well designed, dedicated work-areas on top surface allows the speaker to make the presentation neat and tidy","breadcrumb":{"@id":"https:\/\/oldtemas.teknolojig.net\/en\/conference-prompter\/#breadcrumb"},"inLanguage":"en-US","potentialAction":[{"@type":"ReadAction","target":["https:\/\/oldtemas.teknolojig.net\/en\/conference-prompter\/"]}]},{"@type":"ImageObject","inLanguage":"en-US","@id":"https:\/\/oldtemas.teknolojig.net\/en\/conference-prompter\/#primaryimage","url":"https:\/\/oldtemas.teknolojig.net\/wp-content\/uploads\/2017\/11\/Prompter.jpg","contentUrl":"https:\/\/oldtemas.teknolojig.net\/wp-content\/uploads\/2017\/11\/Prompter.jpg","width":1000,"height":1000},{"@type":"BreadcrumbList","@id":"https:\/\/oldtemas.teknolojig.net\/en\/conference-prompter\/#breadcrumb","itemListElement":[{"@type":"ListItem","position":1,"name":"Ana Sayfa","item":"https:\/\/oldtemas.teknolojig.net\/en\/"},{"@type":"ListItem","position":2,"name":"Conference Prompter"}]},{"@type":"WebSite","@id":"https:\/\/oldtemas.teknolojig.net\/en\/#website","url":"https:\/\/oldtemas.teknolojig.net\/en\/","name":"Digital Signage, Video Konferans, Profesyonel G\u00f6r\u00fcnt\u00fc ve Ses Sistemleri","description":"Digital Signage &amp; Digital Interactive Display Solutions","publisher":{"@id":"https:\/\/oldtemas.teknolojig.net\/en\/#organization"},"alternateName":"TEMAS TEKNOLOJ\u0130","potentialAction":[{"@type":"SearchAction","target":{"@type":"EntryPoint","urlTemplate":"https:\/\/oldtemas.teknolojig.net\/en\/?s={search_term_string}"},"query-input":{"@type":"PropertyValueSpecification","valueRequired":true,"valueName":"search_term_string"}}],"inLanguage":"en-US"},{"@type":"Organization","@id":"https:\/\/oldtemas.teknolojig.net\/en\/#organization","name":"Temas Teknoloji","url":"https:\/\/oldtemas.teknolojig.net\/en\/","logo":{"@type":"ImageObject","inLanguage":"en-US","@id":"https:\/\/oldtemas.teknolojig.net\/en\/#\/schema\/logo\/image\/","url":"https:\/\/oldtemas.teknolojig.net\/wp-content\/uploads\/2020\/01\/temaslogo1.png","contentUrl":"https:\/\/oldtemas.teknolojig.net\/wp-content\/uploads\/2020\/01\/temaslogo1.png","width":150,"height":43,"caption":"Temas Teknoloji"},"image":{"@id":"https:\/\/oldtemas.teknolojig.net\/en\/#\/schema\/logo\/image\/"},"sameAs":["https:\/\/www.facebook.com\/temasteknolojitr\/","https:\/\/www.linkedin.com\/company\/temastechnology\/","https:\/\/www.instagram.com\/temasteknoloji\/"]}]}},"_links":{"self":[{"href":"https:\/\/oldtemas.teknolojig.net\/en\/wp-json\/wp\/v2\/pages\/6011","targetHints":{"allow":["GET"]}}],"collection":[{"href":"https:\/\/oldtemas.teknolojig.net\/en\/wp-json\/wp\/v2\/pages"}],"about":[{"href":"https:\/\/oldtemas.teknolojig.net\/en\/wp-json\/wp\/v2\/types\/page"}],"author":[{"embeddable":true,"href":"https:\/\/oldtemas.teknolojig.net\/en\/wp-json\/wp\/v2\/users\/1"}],"replies":[{"embeddable":true,"href":"https:\/\/oldtemas.teknolojig.net\/en\/wp-json\/wp\/v2\/comments?post=6011"}],"version-history":[{"count":1,"href":"https:\/\/oldtemas.teknolojig.net\/en\/wp-json\/wp\/v2\/pages\/6011\/revisions"}],"predecessor-version":[{"id":62156,"href":"https:\/\/oldtemas.teknolojig.net\/en\/wp-json\/wp\/v2\/pages\/6011\/revisions\/62156"}],"wp:featuredmedia":[{"embeddable":true,"href":"https:\/\/oldtemas.teknolojig.net\/en\/wp-json\/wp\/v2\/media\/6007"}],"wp:attachment":[{"href":"https:\/\/oldtemas.teknolojig.net\/en\/wp-json\/wp\/v2\/media?parent=6011"}],"curies":[{"name":"wp","href":"https:\/\/api.w.org\/{rel}","templated":true}]}}