{"id":2170,"date":"2015-06-20T11:57:48","date_gmt":"2015-06-20T08:57:48","guid":{"rendered":"https:\/\/oldtemas.teknolojig.net\/?page_id=2170"},"modified":"2020-01-09T00:14:27","modified_gmt":"2020-01-08T21:14:27","slug":"digital-signage-software-creasign","status":"publish","type":"page","link":"https:\/\/oldtemas.teknolojig.net\/en\/digital-signage-software-creasign\/","title":{"rendered":"Digital Signage Software CreaSign"},"content":{"rendered":"<div class=\"wpb-content-wrapper\"><p>[vc_row row_fullwidth=&#8221;&#8221; row_vertical_center=&#8221;&#8221; row_fullheight=&#8221;&#8221; row_zero_column_space=&#8221;&#8221; bg_parallax=&#8221;off&#8221; bg_slider=&#8221;off&#8221; bg_video=&#8221;off&#8221; bottom_button=&#8221;off&#8221; bottom_button_color=&#8221;#222222&#8243; css=&#8221;.vc_custom_1433756055472{margin-top: 2px !important;}&#8221;][vc_column width=&#8221;1\/2&#8243;][minti_image img=&#8221;495&#8243; align=&#8221;center&#8221; animation=&#8221;fade-in&#8221; lightbox=&#8221;1&#8243;][\/vc_column][vc_column width=&#8221;1\/2&#8243;][vc_column_text]<\/p>\n<h2 style=\"text-align: center;\">CreaSign is an advenced digital signage(digital information screen) program that used to deliver your visuals, videos,<br \/>\nnews and every content want to be delivered real-time to any place in world.<\/h2>\n<p>CreaSign is %100 Turkish and simple of use also effective and stable tool for using to display content. Cause of CreaSign\u2019s user friendly management system, creating product presentation, advertisement, campaign, news and institutional TV system of your company are taking just minutes.<\/p>\n<p>Thanks to CreaSign\u2019s IP based substructure your prepared contents and designs will reach everywhere instantly on internet. You can prepare your visual content on your<br \/>\nserver or on your PC and you can display it anytime you want. The server that CreaSign works on is taking form by the number of screens. The program is very<br \/>\neconomical on system resources so the program needs just a beginning level computer to operate a middle sized display system.<\/p>\n<p>Crea Sign IP tabanl\u0131 bir altyap\u0131ya sahip oldu\u011fu i\u00e7in, haz\u0131rlad\u0131\u011f\u0131n\u0131z tasar\u0131mlar internetin oldu\u011fu her noktaya an\u0131nda ula\u015f\u0131r. G\u00f6rsel i\u00e7eri\u011finizi isterseniz sunucunuzda isterseniz de ki\u015fisel bilgisayar\u0131n\u0131zda haz\u0131rlayabilir ve istedi\u011finiz anda yay\u0131na alabilirsiniz. Crea Sign\u2019 \u0131n \u00e7al\u0131\u015faca\u011f\u0131 sunucu, ekran say\u0131s\u0131 ve \u00f6l\u00e7e\u011fine g\u00f6re \u015fekilleniyor. Sistem kaynaklar\u0131n\u0131 t\u00fcketmekte son derece cimri olan yaz\u0131l\u0131m, orta \u00f6l\u00e7ekli bir yay\u0131n sistemini idare edebilmek i\u00e7in sadece ba\u015flang\u0131\u00e7 seviyesinde bir bilgisayara ihtiya\u00e7 duyuyor.[\/vc_column_text][\/vc_column][\/vc_row][vc_row full_width=&#8221;&#8221; parallax=&#8221;&#8221; parallax_image=&#8221;&#8221; row_fullwidth=&#8221;&#8221; row_vertical_center=&#8221;&#8221; row_fullheight=&#8221;&#8221; row_zero_column_space=&#8221;&#8221; bg_parallax=&#8221;off&#8221; bg_scroll=&#8221;&#8221; bg_slider=&#8221;off&#8221; bg_video=&#8221;off&#8221; bottom_button=&#8221;off&#8221; bottom_button_color=&#8221;#222222&#8243;][vc_column width=&#8221;1\/1&#8243;][vc_tabs interval=&#8221;0&#8243;][vc_tab title=&#8221;Overview&#8221; tab_id=&#8221;ba9d54dd-184d-6&#8243;][vc_row_inner][vc_column_inner el_class=&#8221;&#8221; width=&#8221;1\/2&#8243;][vc_column_text]<\/p>\n<h3>Supported audio and video formats<\/h3>\n<ul>\n<li>Avi<\/li>\n<li>Wmv<\/li>\n<li>Mpeg<\/li>\n<li>Mpeg4<\/li>\n<li>Flv<\/li>\n<li>Swf<\/li>\n<li>Mp3<\/li>\n<li>Wav<\/li>\n<\/ul>\n<p>[\/vc_column_text][\/vc_column_inner][vc_column_inner el_class=&#8221;&#8221; width=&#8221;1\/2&#8243;][vc_column_text]<a href=\"https:\/\/oldtemas.teknolojig.net\/wp-content\/uploads\/2014\/02\/creasign-tasarimci.jpg\"><img fetchpriority=\"high\" decoding=\"async\" class=\"alignnone size-medium wp-image-497\" src=\"https:\/\/oldtemas.teknolojig.net\/wp-content\/uploads\/2014\/02\/creasign-tasarimci-296x300.jpg\" alt=\"creasign-tasarimci\" width=\"296\" height=\"300\" srcset=\"https:\/\/oldtemas.teknolojig.net\/wp-content\/uploads\/2014\/02\/creasign-tasarimci-296x300.jpg 296w, https:\/\/oldtemas.teknolojig.net\/wp-content\/uploads\/2014\/02\/creasign-tasarimci-300x303.jpg 300w, https:\/\/oldtemas.teknolojig.net\/wp-content\/uploads\/2014\/02\/creasign-tasarimci-600x607.jpg 600w, https:\/\/oldtemas.teknolojig.net\/wp-content\/uploads\/2014\/02\/creasign-tasarimci-100x100.jpg 100w, https:\/\/oldtemas.teknolojig.net\/wp-content\/uploads\/2014\/02\/creasign-tasarimci-47x47.jpg 47w, https:\/\/oldtemas.teknolojig.net\/wp-content\/uploads\/2014\/02\/creasign-tasarimci.jpg 965w\" sizes=\"(max-width: 296px) 100vw, 296px\" \/><\/a>[\/vc_column_text][\/vc_column_inner][\/vc_row_inner][\/vc_tab][vc_tab title=&#8221;Features&#8221; tab_id=&#8221;1433756651372-3-5&#8243;][vc_column_text]<\/p>\n<h3>Supported Modules<\/h3>\n<ul>\n<li>RSS<\/li>\n<li>Marquee<\/li>\n<li>Marquee and standing paragraph<\/li>\n<li>Adobe Flash<\/li>\n<li>URL and websites<\/li>\n<li>Pdf<\/li>\n<li>Power Point<\/li>\n<li>JPEG, PNG, BMP<\/li>\n<li>HTML and flash weather<\/li>\n<li>Date &#8211; Time<\/li>\n<li>Exchange Rates<\/li>\n<li>Istanbul traffic density map<\/li>\n<li>traffic cameras in Istanbul<\/li>\n<li>Conferance hall management by the Ms. Exchange mail server entegration<\/li>\n<\/ul>\n<p>&nbsp;<\/p>\n<p><a href=\"https:\/\/oldtemas.teknolojig.net\/wp-content\/uploads\/2014\/03\/Digital-signage-Yazilimi.pdf\">Downoad product brochure<\/a>[\/vc_column_text][\/vc_tab][vc_tab title=&#8221;Advenced Features&#8221; tab_id=&#8221;1434444303985-2-5&#8243;][vc_column_text]<\/p>\n<h3>Advenced Features<\/h3>\n<h4>Manage from server or your desktop pc<\/h4>\n<p>Thanks to CreaSign&#8217;s IP based substructure your prepared contents and designs will reach everywhere instantly on internet. You can prepare your visual content on your<br \/>\nserver or on your PC and you can display it anytime you want. The server that CreaSign works on is taking form by the number of screens. The program is very<br \/>\neconomical on system resources so the program needs just a beginning level computer to operate a middle sized display system.<\/p>\n<p>You can deliver the visuals to screens in far networks with CreaSign. Your server will need a static IP to do this.Connect of your far screens or IP adresses doesn&#8217;t matter, you will just need connect to internet then CreaSign can display in far screen.<\/p>\n<ul>\n<li>Splitting the screen unlimited times.<\/li>\n<li>Scheduling the designs to display in future date<\/li>\n<li>Desktop connection to all screens on your net<\/li>\n<li>Viewing the health of your screens<\/li>\n<li>Viewing the last synchronization time of your screen<\/li>\n<li>Two types of delegation like user and designer<\/li>\n<li>Grouping screens<\/li>\n<li>Creating and viewing the design in horizontal and vertical<\/li>\n<li>Playing more than one videos in same screen<\/li>\n<li>Opening and closing the computer from distance and scheduled opening and closing<\/li>\n<li>Using background colour and visual to designs<\/li>\n<li>Determination of aspect to designs<\/li>\n<li>Grid lines to easier designs<\/li>\n<li>Defining port settings for network<\/li>\n<li>Daily, weekly, monthly and yearly scheduling options<\/li>\n<li>Viewing the IP adresses belongs to screens<\/li>\n<li>Reforming and copy the designs<\/li>\n<li>Preview the designs before display<\/li>\n<li>Sending the display on wireless or ethernet<\/li>\n<\/ul>\n<p>[\/vc_column_text][\/vc_tab][vc_tab title=&#8221;Working Principle&#8221; tab_id=&#8221;1434444493848-3-4&#8243;][vc_column_text]<\/p>\n<h3>How does CreaSign works?<\/h3>\n<p>Thanks to easy using, you can have a professional design and announce your product, services and campaigns to your customers just in 4 steps.<\/p>\n<p>1- Preparing the content and designing<\/p>\n<p>2- Display plan and timing<\/p>\n<p>3- Sending the display to related screen<\/p>\n<p>4. Downloading the display from screens and playing<\/p>\n<p>CreaSign has a user friendly interface so everybody in office can manage the CreaSign.<\/p>\n<p><img decoding=\"async\" class=\"alignnone\" src=\"https:\/\/oldtemas.teknolojig.net\/wp-content\/uploads\/2013\/11\/digital-signage-yazilimi-software-2.png\" alt=\"\" width=\"472\" height=\"52\" \/><\/p>\n<h3>User delegation and security<\/h3>\n<p>Thanks to secured log in screen, nobody can interfere your designs and screens. Every user responsible of his\/her design because of delegated log in informations to users.<\/p>\n<p><img decoding=\"async\" class=\"alignnone\" src=\"https:\/\/oldtemas.teknolojig.net\/wp-content\/uploads\/2013\/11\/digital-signage-yazilimi-software-3.png\" alt=\"\" width=\"470\" height=\"380\" \/><\/p>\n<p>Also you can allocate the designer and manager from delegation panel in management screen.<\/p>\n<h3>Sample Application Schema<\/h3>\n<p>CreaSign has a very flexible substructure so you can multiple the sample connection and rule the hundreds of screens<\/p>\n<p><img loading=\"lazy\" decoding=\"async\" class=\"alignnone\" src=\"https:\/\/oldtemas.teknolojig.net\/wp-content\/uploads\/2013\/11\/digital-signage-yazilimi-software-4.jpg\" alt=\"\" width=\"337\" height=\"280\" \/><\/p>\n<h3>Split the screens as you want<\/h3>\n<p>Most of the choosing of digital signage programs for screen splitting. CreaSign can play the different contents on the same screen unlimitedly.<\/p>\n<p><img loading=\"lazy\" decoding=\"async\" src=\"https:\/\/oldtemas.teknolojig.net\/wp-content\/uploads\/2013\/11\/digital-signage-yazilimi-software-6.png\" alt=\"Digital Signage Yaz\u0131l\u0131m\u0131\" width=\"470\" height=\"500\" \/><\/p>\n<h3>Spread to time your designs<\/h3>\n<p>Thanks to smart timing feature that integrated on CreaSign, your designs can display in different screens in different time peroids.<\/p>\n<p>You cen determine the time period of the display will played daily, weekly, monthly and yearly. Setting the time period one time will enough.<br \/>\n<img loading=\"lazy\" decoding=\"async\" class=\"alignnone\" src=\"https:\/\/oldtemas.teknolojig.net\/wp-content\/uploads\/2013\/11\/digital-signage-yazilimi-software-7.png\" alt=\"\" width=\"998\" height=\"677\" \/><\/p>\n<h3>Remote monitoring and remote management<\/h3>\n<p>You can watch and manage the screens on CreaSign server. Thanks to improved remote desktop connection you can solve the problems on your remote screens.<\/p>\n<h3>System Requirements<\/h3>\n<p>Hardware requirements<\/p>\n<p>2 GHz processor<br \/>\n2 Gb system memory<br \/>\n250 Gb or more Hard disk<br \/>\nNetwork substructure<\/p>\n<p>Software requirements<\/p>\n<p>MS Windows 7, vista, XP, 2000, 2008 Server (available to virtuality)<br \/>\n.NET Framework v3.5<br \/>\nIternet explorer 7,8,9,10<br \/>\nFlash player version 9 or higher<br \/>\nWindows media player 11 or higher[\/vc_column_text][\/vc_tab][vc_tab title=&#8221;Gallery&#8221; tab_id=&#8221;1434445012308-4-6&#8243;][minti_gallery ids=&#8221;2010,2009,2008,2007,2006,2001,2002,2003,2004,2005,2000,1999,1998&#8243; link=&#8221;file&#8221; columns=&#8221;4&#8243; style=&#8221;1&#8243;][\/vc_tab][\/vc_tabs][\/vc_column][\/vc_row]<\/p>\n<\/div>","protected":false},"excerpt":{"rendered":"<p>[vc_row row_fullwidth=&#8221;&#8221; row_vertical_center=&#8221;&#8221; row_fullheight=&#8221;&#8221; row_zero_column_space=&#8221;&#8221; bg_parallax=&#8221;off&#8221; bg_slider=&#8221;off&#8221; bg_video=&#8221;off&#8221; bottom_button=&#8221;off&#8221; bottom_button_color=&#8221;#222222&#8243; css=&#8221;.vc_custom_1433756055472{margin-top: 2px !important;}&#8221;][vc_column width=&#8221;1\/2&#8243;][minti_image img=&#8221;495&#8243; align=&#8221;center&#8221; animation=&#8221;fade-in&#8221; lightbox=&#8221;1&#8243;][\/vc_column][vc_column width=&#8221;1\/2&#8243;][vc_column_text] CreaSign is an advenced digital signage(digital information screen) program that used to deliver your visuals, videos, news and every content want to be delivered real-time to any place in world. CreaSign is %100 Turkish and simple&hellip;<\/p>\n","protected":false},"author":1,"featured_media":10706,"parent":0,"menu_order":0,"comment_status":"closed","ping_status":"closed","template":"","meta":{"footnotes":""},"class_list":["post-2170","page","type-page","status-publish","has-post-thumbnail","hentry","description-off"],"yoast_head":"<!-- This site is optimized with the Yoast SEO plugin v26.1.1 - https:\/\/yoast.com\/wordpress\/plugins\/seo\/ -->\n<title>Digital Signage Yaz\u0131l\u0131m\u0131 CreaSign<\/title>\n<meta name=\"description\" content=\"CreaSign is an advenced digital signage(digital information screen) program that used to deliver your visuals, videos,\" \/>\n<meta name=\"robots\" content=\"index, follow, max-snippet:-1, max-image-preview:large, max-video-preview:-1\" \/>\n<link rel=\"canonical\" href=\"https:\/\/oldtemas.teknolojig.net\/en\/digital-signage-software-creasign\/\" \/>\n<meta property=\"og:locale\" content=\"en_US\" \/>\n<meta property=\"og:type\" content=\"article\" \/>\n<meta property=\"og:title\" content=\"Digital Signage Yaz\u0131l\u0131m\u0131 CreaSign\" \/>\n<meta property=\"og:description\" content=\"CreaSign is an advenced digital signage(digital information screen) program that used to deliver your visuals, videos,\" \/>\n<meta property=\"og:url\" content=\"https:\/\/oldtemas.teknolojig.net\/en\/digital-signage-software-creasign\/\" \/>\n<meta property=\"og:site_name\" content=\"Digital Signage | TEMAS TEKNOLOJ\u0130\" \/>\n<meta property=\"article:publisher\" content=\"https:\/\/www.facebook.com\/temasteknolojitr\/\" \/>\n<meta property=\"article:modified_time\" content=\"2020-01-08T21:14:27+00:00\" \/>\n<meta property=\"og:image\" content=\"https:\/\/oldtemas.teknolojig.net\/wp-content\/uploads\/2015\/06\/creasign-kutu-onecikan-gorsel.png\" \/>\n\t<meta property=\"og:image:width\" content=\"1000\" \/>\n\t<meta property=\"og:image:height\" content=\"1000\" \/>\n\t<meta property=\"og:image:type\" content=\"image\/png\" \/>\n<meta name=\"twitter:card\" content=\"summary_large_image\" \/>\n<meta name=\"twitter:label1\" content=\"Est. reading time\" \/>\n\t<meta name=\"twitter:data1\" content=\"5 minutes\" \/>\n<script type=\"application\/ld+json\" class=\"yoast-schema-graph\">{\"@context\":\"https:\/\/schema.org\",\"@graph\":[{\"@type\":\"WebPage\",\"@id\":\"https:\/\/oldtemas.teknolojig.net\/en\/digital-signage-software-creasign\/\",\"url\":\"https:\/\/oldtemas.teknolojig.net\/en\/digital-signage-software-creasign\/\",\"name\":\"Digital Signage Yaz\u0131l\u0131m\u0131 CreaSign\",\"isPartOf\":{\"@id\":\"https:\/\/oldtemas.teknolojig.net\/en\/#website\"},\"primaryImageOfPage\":{\"@id\":\"https:\/\/oldtemas.teknolojig.net\/en\/digital-signage-software-creasign\/#primaryimage\"},\"image\":{\"@id\":\"https:\/\/oldtemas.teknolojig.net\/en\/digital-signage-software-creasign\/#primaryimage\"},\"thumbnailUrl\":\"https:\/\/oldtemas.teknolojig.net\/wp-content\/uploads\/2015\/06\/creasign-kutu-onecikan-gorsel.png\",\"datePublished\":\"2015-06-20T08:57:48+00:00\",\"dateModified\":\"2020-01-08T21:14:27+00:00\",\"description\":\"CreaSign is an advenced digital signage(digital information screen) program that used to deliver your visuals, videos,\",\"breadcrumb\":{\"@id\":\"https:\/\/oldtemas.teknolojig.net\/en\/digital-signage-software-creasign\/#breadcrumb\"},\"inLanguage\":\"en-US\",\"potentialAction\":[{\"@type\":\"ReadAction\",\"target\":[\"https:\/\/oldtemas.teknolojig.net\/en\/digital-signage-software-creasign\/\"]}]},{\"@type\":\"ImageObject\",\"inLanguage\":\"en-US\",\"@id\":\"https:\/\/oldtemas.teknolojig.net\/en\/digital-signage-software-creasign\/#primaryimage\",\"url\":\"https:\/\/oldtemas.teknolojig.net\/wp-content\/uploads\/2015\/06\/creasign-kutu-onecikan-gorsel.png\",\"contentUrl\":\"https:\/\/oldtemas.teknolojig.net\/wp-content\/uploads\/2015\/06\/creasign-kutu-onecikan-gorsel.png\",\"width\":1000,\"height\":1000},{\"@type\":\"BreadcrumbList\",\"@id\":\"https:\/\/oldtemas.teknolojig.net\/en\/digital-signage-software-creasign\/#breadcrumb\",\"itemListElement\":[{\"@type\":\"ListItem\",\"position\":1,\"name\":\"Ana Sayfa\",\"item\":\"https:\/\/oldtemas.teknolojig.net\/en\/\"},{\"@type\":\"ListItem\",\"position\":2,\"name\":\"Digital Signage Software CreaSign\"}]},{\"@type\":\"WebSite\",\"@id\":\"https:\/\/oldtemas.teknolojig.net\/en\/#website\",\"url\":\"https:\/\/oldtemas.teknolojig.net\/en\/\",\"name\":\"Digital Signage, Video Konferans, Profesyonel G\u00f6r\u00fcnt\u00fc ve Ses Sistemleri\",\"description\":\"Digital Signage &amp; Digital Interactive Display Solutions\",\"publisher\":{\"@id\":\"https:\/\/oldtemas.teknolojig.net\/en\/#organization\"},\"alternateName\":\"TEMAS TEKNOLOJ\u0130\",\"potentialAction\":[{\"@type\":\"SearchAction\",\"target\":{\"@type\":\"EntryPoint\",\"urlTemplate\":\"https:\/\/oldtemas.teknolojig.net\/en\/?s={search_term_string}\"},\"query-input\":{\"@type\":\"PropertyValueSpecification\",\"valueRequired\":true,\"valueName\":\"search_term_string\"}}],\"inLanguage\":\"en-US\"},{\"@type\":\"Organization\",\"@id\":\"https:\/\/oldtemas.teknolojig.net\/en\/#organization\",\"name\":\"Temas Teknoloji\",\"url\":\"https:\/\/oldtemas.teknolojig.net\/en\/\",\"logo\":{\"@type\":\"ImageObject\",\"inLanguage\":\"en-US\",\"@id\":\"https:\/\/oldtemas.teknolojig.net\/en\/#\/schema\/logo\/image\/\",\"url\":\"https:\/\/oldtemas.teknolojig.net\/wp-content\/uploads\/2020\/01\/temaslogo1.png\",\"contentUrl\":\"https:\/\/oldtemas.teknolojig.net\/wp-content\/uploads\/2020\/01\/temaslogo1.png\",\"width\":150,\"height\":43,\"caption\":\"Temas Teknoloji\"},\"image\":{\"@id\":\"https:\/\/oldtemas.teknolojig.net\/en\/#\/schema\/logo\/image\/\"},\"sameAs\":[\"https:\/\/www.facebook.com\/temasteknolojitr\/\",\"https:\/\/www.linkedin.com\/company\/temastechnology\/\",\"https:\/\/www.instagram.com\/temasteknoloji\/\"]}]}<\/script>\n<!-- \/ Yoast SEO plugin. -->","yoast_head_json":{"title":"Digital Signage Yaz\u0131l\u0131m\u0131 CreaSign","description":"CreaSign is an advenced digital signage(digital information screen) program that used to deliver your visuals, videos,","robots":{"index":"index","follow":"follow","max-snippet":"max-snippet:-1","max-image-preview":"max-image-preview:large","max-video-preview":"max-video-preview:-1"},"canonical":"https:\/\/oldtemas.teknolojig.net\/en\/digital-signage-software-creasign\/","og_locale":"en_US","og_type":"article","og_title":"Digital Signage Yaz\u0131l\u0131m\u0131 CreaSign","og_description":"CreaSign is an advenced digital signage(digital information screen) program that used to deliver your visuals, videos,","og_url":"https:\/\/oldtemas.teknolojig.net\/en\/digital-signage-software-creasign\/","og_site_name":"Digital Signage | TEMAS TEKNOLOJ\u0130","article_publisher":"https:\/\/www.facebook.com\/temasteknolojitr\/","article_modified_time":"2020-01-08T21:14:27+00:00","og_image":[{"width":1000,"height":1000,"url":"https:\/\/oldtemas.teknolojig.net\/wp-content\/uploads\/2015\/06\/creasign-kutu-onecikan-gorsel.png","type":"image\/png"}],"twitter_card":"summary_large_image","twitter_misc":{"Est. reading time":"5 minutes"},"schema":{"@context":"https:\/\/schema.org","@graph":[{"@type":"WebPage","@id":"https:\/\/oldtemas.teknolojig.net\/en\/digital-signage-software-creasign\/","url":"https:\/\/oldtemas.teknolojig.net\/en\/digital-signage-software-creasign\/","name":"Digital Signage Yaz\u0131l\u0131m\u0131 CreaSign","isPartOf":{"@id":"https:\/\/oldtemas.teknolojig.net\/en\/#website"},"primaryImageOfPage":{"@id":"https:\/\/oldtemas.teknolojig.net\/en\/digital-signage-software-creasign\/#primaryimage"},"image":{"@id":"https:\/\/oldtemas.teknolojig.net\/en\/digital-signage-software-creasign\/#primaryimage"},"thumbnailUrl":"https:\/\/oldtemas.teknolojig.net\/wp-content\/uploads\/2015\/06\/creasign-kutu-onecikan-gorsel.png","datePublished":"2015-06-20T08:57:48+00:00","dateModified":"2020-01-08T21:14:27+00:00","description":"CreaSign is an advenced digital signage(digital information screen) program that used to deliver your visuals, videos,","breadcrumb":{"@id":"https:\/\/oldtemas.teknolojig.net\/en\/digital-signage-software-creasign\/#breadcrumb"},"inLanguage":"en-US","potentialAction":[{"@type":"ReadAction","target":["https:\/\/oldtemas.teknolojig.net\/en\/digital-signage-software-creasign\/"]}]},{"@type":"ImageObject","inLanguage":"en-US","@id":"https:\/\/oldtemas.teknolojig.net\/en\/digital-signage-software-creasign\/#primaryimage","url":"https:\/\/oldtemas.teknolojig.net\/wp-content\/uploads\/2015\/06\/creasign-kutu-onecikan-gorsel.png","contentUrl":"https:\/\/oldtemas.teknolojig.net\/wp-content\/uploads\/2015\/06\/creasign-kutu-onecikan-gorsel.png","width":1000,"height":1000},{"@type":"BreadcrumbList","@id":"https:\/\/oldtemas.teknolojig.net\/en\/digital-signage-software-creasign\/#breadcrumb","itemListElement":[{"@type":"ListItem","position":1,"name":"Ana Sayfa","item":"https:\/\/oldtemas.teknolojig.net\/en\/"},{"@type":"ListItem","position":2,"name":"Digital Signage Software CreaSign"}]},{"@type":"WebSite","@id":"https:\/\/oldtemas.teknolojig.net\/en\/#website","url":"https:\/\/oldtemas.teknolojig.net\/en\/","name":"Digital Signage, Video Konferans, Profesyonel G\u00f6r\u00fcnt\u00fc ve Ses Sistemleri","description":"Digital Signage &amp; Digital Interactive Display Solutions","publisher":{"@id":"https:\/\/oldtemas.teknolojig.net\/en\/#organization"},"alternateName":"TEMAS TEKNOLOJ\u0130","potentialAction":[{"@type":"SearchAction","target":{"@type":"EntryPoint","urlTemplate":"https:\/\/oldtemas.teknolojig.net\/en\/?s={search_term_string}"},"query-input":{"@type":"PropertyValueSpecification","valueRequired":true,"valueName":"search_term_string"}}],"inLanguage":"en-US"},{"@type":"Organization","@id":"https:\/\/oldtemas.teknolojig.net\/en\/#organization","name":"Temas Teknoloji","url":"https:\/\/oldtemas.teknolojig.net\/en\/","logo":{"@type":"ImageObject","inLanguage":"en-US","@id":"https:\/\/oldtemas.teknolojig.net\/en\/#\/schema\/logo\/image\/","url":"https:\/\/oldtemas.teknolojig.net\/wp-content\/uploads\/2020\/01\/temaslogo1.png","contentUrl":"https:\/\/oldtemas.teknolojig.net\/wp-content\/uploads\/2020\/01\/temaslogo1.png","width":150,"height":43,"caption":"Temas Teknoloji"},"image":{"@id":"https:\/\/oldtemas.teknolojig.net\/en\/#\/schema\/logo\/image\/"},"sameAs":["https:\/\/www.facebook.com\/temasteknolojitr\/","https:\/\/www.linkedin.com\/company\/temastechnology\/","https:\/\/www.instagram.com\/temasteknoloji\/"]}]}},"_links":{"self":[{"href":"https:\/\/oldtemas.teknolojig.net\/en\/wp-json\/wp\/v2\/pages\/2170","targetHints":{"allow":["GET"]}}],"collection":[{"href":"https:\/\/oldtemas.teknolojig.net\/en\/wp-json\/wp\/v2\/pages"}],"about":[{"href":"https:\/\/oldtemas.teknolojig.net\/en\/wp-json\/wp\/v2\/types\/page"}],"author":[{"embeddable":true,"href":"https:\/\/oldtemas.teknolojig.net\/en\/wp-json\/wp\/v2\/users\/1"}],"replies":[{"embeddable":true,"href":"https:\/\/oldtemas.teknolojig.net\/en\/wp-json\/wp\/v2\/comments?post=2170"}],"version-history":[{"count":0,"href":"https:\/\/oldtemas.teknolojig.net\/en\/wp-json\/wp\/v2\/pages\/2170\/revisions"}],"wp:featuredmedia":[{"embeddable":true,"href":"https:\/\/oldtemas.teknolojig.net\/en\/wp-json\/wp\/v2\/media\/10706"}],"wp:attachment":[{"href":"https:\/\/oldtemas.teknolojig.net\/en\/wp-json\/wp\/v2\/media?parent=2170"}],"curies":[{"name":"wp","href":"https:\/\/api.w.org\/{rel}","templated":true}]}}