{"id":2158,"date":"2015-06-20T11:18:53","date_gmt":"2015-06-20T08:18:53","guid":{"rendered":"https:\/\/oldtemas.teknolojig.net\/?page_id=2158"},"modified":"2020-01-09T00:24:22","modified_gmt":"2020-01-08T21:24:22","slug":"video-walls","status":"publish","type":"page","link":"https:\/\/oldtemas.teknolojig.net\/en\/video-walls\/","title":{"rendered":"Video Walls"},"content":{"rendered":"<div class=\"wpb-content-wrapper\"><p>[vc_row row_fullwidth=&#8221;&#8221; row_vertical_center=&#8221;&#8221; row_fullheight=&#8221;&#8221; row_zero_column_space=&#8221;&#8221; bg_parallax=&#8221;off&#8221; bg_slider=&#8221;off&#8221; bg_video=&#8221;off&#8221; bottom_button=&#8221;off&#8221; bottom_button_color=&#8221;#222222&#8243; css=&#8221;.vc_custom_1433756055472{margin-top: 2px !important;}&#8221;][vc_column width=&#8221;1\/2&#8243;][minti_image img=&#8221;894&#8243; align=&#8221;center&#8221; animation=&#8221;fade-in&#8221; lightbox=&#8221;1&#8243;][\/vc_column][vc_column width=&#8221;1\/2&#8243;][vc_column_text]<\/p>\n<h2 style=\"text-align: center;\">Maximize the effect on customer with high resolution huge screens<\/h2>\n<p>Get the can not be ignored, colorful and amazing contents. Video wall is effective in introducing, advertisements, entertainments, command centers, fairs, TV studios and work center fields.[\/vc_column_text][\/vc_column][\/vc_row][vc_row full_width=&#8221;&#8221; parallax=&#8221;&#8221; parallax_image=&#8221;&#8221; row_fullwidth=&#8221;&#8221; row_vertical_center=&#8221;&#8221; row_fullheight=&#8221;&#8221; row_zero_column_space=&#8221;&#8221; bg_parallax=&#8221;off&#8221; bg_scroll=&#8221;&#8221; bg_slider=&#8221;off&#8221; bg_video=&#8221;off&#8221; bottom_button=&#8221;off&#8221; bottom_button_color=&#8221;#222222&#8243;][vc_column width=&#8221;1\/1&#8243;][vc_tabs interval=&#8221;0&#8243;][vc_tab title=&#8221;Featured&#8221; tab_id=&#8221;ba9d54dd-184d-6&#8243;][vc_row_inner][vc_column_inner el_class=&#8221;&#8221; width=&#8221;1\/2&#8243;][vc_column_text]<\/p>\n<h3>Featured<\/h3>\n<ul>\n<li>40&#8243;42&#8243;46&#8243;55&#8243; Panel options<\/li>\n<li>Industrial panel<\/li>\n<li>Full HD 1920&#215;1080 screen resolution<\/li>\n<li>450cd\/m2-700 cd\/m2 \u2013 1500 cd\/m2 Brightness options<\/li>\n<li>Remote content management program(Optional)<\/li>\n<li>Narrow Bezel(thin edges)<\/li>\n<li>50.000 hours work time<\/li>\n<li>2&#215;2,2&#215;3,3&#215;3,4&#215;4,5&#215;5 Matrix options<\/li>\n<\/ul>\n<p>[\/vc_column_text][\/vc_column_inner][vc_column_inner el_class=&#8221;&#8221; width=&#8221;1\/2&#8243;][vc_column_text]<\/p>\n\n\t\t\t<style type='text\/css'>\n\t\t\t\t#gallery-1 {\n\t\t\t\t\tmargin: auto;\n\t\t\t\t}\n\t\t\t\t#gallery-1 .gallery-item {\n\t\t\t\t\tfloat: left;\n\t\t\t\t\tmargin-top: 10px;\n\t\t\t\t\ttext-align: center;\n\t\t\t\t\twidth: 33%;\n\t\t\t\t}\n\t\t\t\t#gallery-1 img {\n\t\t\t\t\tborder: 2px solid #cfcfcf;\n\t\t\t\t}\n\t\t\t\t#gallery-1 .gallery-caption {\n\t\t\t\t\tmargin-left: 0;\n\t\t\t\t}\n\t\t\t\t\/* see gallery_shortcode() in wp-includes\/media.php *\/\n\t\t\t<\/style>\n\t\t<div id='gallery-1' class='dt-gallery-container gallery galleryid-2158 gallery-columns-3 gallery-size-thumbnail'><dl class='gallery-item'>\n\t\t\t\t<dt class='gallery-icon landscape'>\n\t\t\t\t\t<a class=\"rollover rollover-zoom dt-pswp-item\" title=\"Videowall-ekranlar- (1)\" data-dt-img-description=\"\" data-large_image_width=\"600\" data-large_image_height=\"400\"href='https:\/\/oldtemas.teknolojig.net\/wp-content\/uploads\/2015\/06\/Videowall-ekranlar-1.png'><img decoding=\"async\" width=\"150\" height=\"150\" src=\"https:\/\/oldtemas.teknolojig.net\/wp-content\/uploads\/2015\/06\/Videowall-ekranlar-1-150x150.png\" class=\"attachment-thumbnail size-thumbnail\" alt=\"\" srcset=\"https:\/\/oldtemas.teknolojig.net\/wp-content\/uploads\/2015\/06\/Videowall-ekranlar-1-150x150.png 150w, https:\/\/oldtemas.teknolojig.net\/wp-content\/uploads\/2015\/06\/Videowall-ekranlar-1-200x200.png 200w, https:\/\/oldtemas.teknolojig.net\/wp-content\/uploads\/2015\/06\/Videowall-ekranlar-1-80x80.png 80w\" sizes=\"(max-width: 150px) 100vw, 150px\" \/><\/a>\n\t\t\t\t<\/dt><\/dl><dl class='gallery-item'>\n\t\t\t\t<dt class='gallery-icon landscape'>\n\t\t\t\t\t<a class=\"rollover rollover-zoom dt-pswp-item\" title=\"Videowall-ekranlar- (2)\" data-dt-img-description=\"\" data-large_image_width=\"600\" data-large_image_height=\"400\"href='https:\/\/oldtemas.teknolojig.net\/wp-content\/uploads\/2015\/06\/Videowall-ekranlar-2.png'><img decoding=\"async\" width=\"150\" height=\"150\" src=\"https:\/\/oldtemas.teknolojig.net\/wp-content\/uploads\/2015\/06\/Videowall-ekranlar-2-150x150.png\" class=\"attachment-thumbnail size-thumbnail\" alt=\"\" srcset=\"https:\/\/oldtemas.teknolojig.net\/wp-content\/uploads\/2015\/06\/Videowall-ekranlar-2-150x150.png 150w, https:\/\/oldtemas.teknolojig.net\/wp-content\/uploads\/2015\/06\/Videowall-ekranlar-2-200x200.png 200w, https:\/\/oldtemas.teknolojig.net\/wp-content\/uploads\/2015\/06\/Videowall-ekranlar-2-80x80.png 80w\" sizes=\"(max-width: 150px) 100vw, 150px\" \/><\/a>\n\t\t\t\t<\/dt><\/dl><dl class='gallery-item'>\n\t\t\t\t<dt class='gallery-icon landscape'>\n\t\t\t\t\t<a class=\"rollover rollover-zoom dt-pswp-item\" title=\"Videowall-ekranlar- (3)\" data-dt-img-description=\"\" data-large_image_width=\"600\" data-large_image_height=\"400\"href='https:\/\/oldtemas.teknolojig.net\/wp-content\/uploads\/2015\/06\/Videowall-ekranlar-3.png'><img decoding=\"async\" width=\"150\" height=\"150\" src=\"https:\/\/oldtemas.teknolojig.net\/wp-content\/uploads\/2015\/06\/Videowall-ekranlar-3-150x150.png\" class=\"attachment-thumbnail size-thumbnail\" alt=\"\" srcset=\"https:\/\/oldtemas.teknolojig.net\/wp-content\/uploads\/2015\/06\/Videowall-ekranlar-3-150x150.png 150w, https:\/\/oldtemas.teknolojig.net\/wp-content\/uploads\/2015\/06\/Videowall-ekranlar-3-200x200.png 200w, https:\/\/oldtemas.teknolojig.net\/wp-content\/uploads\/2015\/06\/Videowall-ekranlar-3-80x80.png 80w\" sizes=\"(max-width: 150px) 100vw, 150px\" \/><\/a>\n\t\t\t\t<\/dt><\/dl><br style=\"clear: both\" \/><dl class='gallery-item'>\n\t\t\t\t<dt class='gallery-icon landscape'>\n\t\t\t\t\t<a class=\"rollover rollover-zoom dt-pswp-item\" title=\"Videowall-ekranlar- (4)\" data-dt-img-description=\"\" data-large_image_width=\"600\" data-large_image_height=\"400\"href='https:\/\/oldtemas.teknolojig.net\/wp-content\/uploads\/2015\/06\/Videowall-ekranlar-4.png'><img loading=\"lazy\" decoding=\"async\" width=\"150\" height=\"150\" src=\"https:\/\/oldtemas.teknolojig.net\/wp-content\/uploads\/2015\/06\/Videowall-ekranlar-4-150x150.png\" class=\"attachment-thumbnail size-thumbnail\" alt=\"\" srcset=\"https:\/\/oldtemas.teknolojig.net\/wp-content\/uploads\/2015\/06\/Videowall-ekranlar-4-150x150.png 150w, https:\/\/oldtemas.teknolojig.net\/wp-content\/uploads\/2015\/06\/Videowall-ekranlar-4-200x200.png 200w, https:\/\/oldtemas.teknolojig.net\/wp-content\/uploads\/2015\/06\/Videowall-ekranlar-4-80x80.png 80w\" sizes=\"(max-width: 150px) 100vw, 150px\" \/><\/a>\n\t\t\t\t<\/dt><\/dl><dl class='gallery-item'>\n\t\t\t\t<dt class='gallery-icon landscape'>\n\t\t\t\t\t<a class=\"rollover rollover-zoom dt-pswp-item\" title=\"video-wall\" data-dt-img-description=\"\" data-large_image_width=\"1776\" data-large_image_height=\"1296\"href='https:\/\/oldtemas.teknolojig.net\/wp-content\/uploads\/2015\/06\/video-wall.jpg'><img loading=\"lazy\" decoding=\"async\" width=\"150\" height=\"150\" src=\"https:\/\/oldtemas.teknolojig.net\/wp-content\/uploads\/2015\/06\/video-wall-150x150.jpg\" class=\"attachment-thumbnail size-thumbnail\" alt=\"\" srcset=\"https:\/\/oldtemas.teknolojig.net\/wp-content\/uploads\/2015\/06\/video-wall-150x150.jpg 150w, https:\/\/oldtemas.teknolojig.net\/wp-content\/uploads\/2015\/06\/video-wall-200x200.jpg 200w, https:\/\/oldtemas.teknolojig.net\/wp-content\/uploads\/2015\/06\/video-wall-80x80.jpg 80w, https:\/\/oldtemas.teknolojig.net\/wp-content\/uploads\/2015\/06\/video-wall-500x500.jpg 500w, https:\/\/oldtemas.teknolojig.net\/wp-content\/uploads\/2015\/06\/video-wall-1000x1000.jpg 1000w\" sizes=\"(max-width: 150px) 100vw, 150px\" \/><\/a>\n\t\t\t\t<\/dt><\/dl><dl class='gallery-item'>\n\t\t\t\t<dt class='gallery-icon landscape'>\n\t\t\t\t\t<a class=\"rollover rollover-zoom dt-pswp-item\" title=\"video-wall2\" data-dt-img-description=\"\" data-large_image_width=\"2132\" data-large_image_height=\"1656\"href='https:\/\/oldtemas.teknolojig.net\/wp-content\/uploads\/2015\/06\/video-wall2.jpg'><img loading=\"lazy\" decoding=\"async\" width=\"150\" height=\"150\" src=\"https:\/\/oldtemas.teknolojig.net\/wp-content\/uploads\/2015\/06\/video-wall2-150x150.jpg\" class=\"attachment-thumbnail size-thumbnail\" alt=\"\" srcset=\"https:\/\/oldtemas.teknolojig.net\/wp-content\/uploads\/2015\/06\/video-wall2-150x150.jpg 150w, https:\/\/oldtemas.teknolojig.net\/wp-content\/uploads\/2015\/06\/video-wall2-200x200.jpg 200w, https:\/\/oldtemas.teknolojig.net\/wp-content\/uploads\/2015\/06\/video-wall2-80x80.jpg 80w, https:\/\/oldtemas.teknolojig.net\/wp-content\/uploads\/2015\/06\/video-wall2-500x500.jpg 500w, https:\/\/oldtemas.teknolojig.net\/wp-content\/uploads\/2015\/06\/video-wall2-1000x1000.jpg 1000w\" sizes=\"(max-width: 150px) 100vw, 150px\" \/><\/a>\n\t\t\t\t<\/dt><\/dl><br style=\"clear: both\" \/><dl class='gallery-item'>\n\t\t\t\t<dt class='gallery-icon landscape'>\n\t\t\t\t\t<a class=\"rollover rollover-zoom dt-pswp-item\" title=\"video-wall3\" data-dt-img-description=\"\" data-large_image_width=\"1900\" data-large_image_height=\"1124\"href='https:\/\/oldtemas.teknolojig.net\/wp-content\/uploads\/2015\/06\/video-wall3.jpg'><img loading=\"lazy\" decoding=\"async\" width=\"150\" height=\"150\" src=\"https:\/\/oldtemas.teknolojig.net\/wp-content\/uploads\/2015\/06\/video-wall3-150x150.jpg\" class=\"attachment-thumbnail size-thumbnail\" alt=\"\" srcset=\"https:\/\/oldtemas.teknolojig.net\/wp-content\/uploads\/2015\/06\/video-wall3-150x150.jpg 150w, https:\/\/oldtemas.teknolojig.net\/wp-content\/uploads\/2015\/06\/video-wall3-200x200.jpg 200w, https:\/\/oldtemas.teknolojig.net\/wp-content\/uploads\/2015\/06\/video-wall3-80x80.jpg 80w, https:\/\/oldtemas.teknolojig.net\/wp-content\/uploads\/2015\/06\/video-wall3-500x500.jpg 500w, https:\/\/oldtemas.teknolojig.net\/wp-content\/uploads\/2015\/06\/video-wall3-1000x1000.jpg 1000w\" sizes=\"(max-width: 150px) 100vw, 150px\" \/><\/a>\n\t\t\t\t<\/dt><\/dl><dl class='gallery-item'>\n\t\t\t\t<dt class='gallery-icon landscape'>\n\t\t\t\t\t<a class=\"rollover rollover-zoom dt-pswp-item\" title=\"SAMSUNG DIGITAL CAMERA\" data-dt-img-description=\"\" data-large_image_width=\"1626\" data-large_image_height=\"1494\"href='https:\/\/oldtemas.teknolojig.net\/wp-content\/uploads\/2015\/06\/video-wall4.jpg'><img loading=\"lazy\" decoding=\"async\" width=\"150\" height=\"150\" src=\"https:\/\/oldtemas.teknolojig.net\/wp-content\/uploads\/2015\/06\/video-wall4-150x150.jpg\" class=\"attachment-thumbnail size-thumbnail\" alt=\"\" aria-describedby=\"gallery-1-10835\" srcset=\"https:\/\/oldtemas.teknolojig.net\/wp-content\/uploads\/2015\/06\/video-wall4-150x150.jpg 150w, https:\/\/oldtemas.teknolojig.net\/wp-content\/uploads\/2015\/06\/video-wall4-200x200.jpg 200w, https:\/\/oldtemas.teknolojig.net\/wp-content\/uploads\/2015\/06\/video-wall4-80x80.jpg 80w, https:\/\/oldtemas.teknolojig.net\/wp-content\/uploads\/2015\/06\/video-wall4-500x500.jpg 500w, https:\/\/oldtemas.teknolojig.net\/wp-content\/uploads\/2015\/06\/video-wall4-1000x1000.jpg 1000w\" sizes=\"(max-width: 150px) 100vw, 150px\" \/><\/a>\n\t\t\t\t<\/dt>\n\t\t\t\t\t<dd class='wp-caption-text gallery-caption' id='gallery-1-10835'>\n\t\t\t\t\tSAMSUNG DIGITAL CAMERA\n\t\t\t\t\t<\/dd><\/dl><dl class='gallery-item'>\n\t\t\t\t<dt class='gallery-icon landscape'>\n\t\t\t\t\t<a class=\"rollover rollover-zoom dt-pswp-item\" title=\"SAMSUNG DIGITAL CAMERA\" data-dt-img-description=\"\" data-large_image_width=\"1992\" data-large_image_height=\"1518\"href='https:\/\/oldtemas.teknolojig.net\/wp-content\/uploads\/2015\/06\/video-wall5.jpg'><img loading=\"lazy\" decoding=\"async\" width=\"150\" height=\"150\" src=\"https:\/\/oldtemas.teknolojig.net\/wp-content\/uploads\/2015\/06\/video-wall5-150x150.jpg\" class=\"attachment-thumbnail size-thumbnail\" alt=\"\" aria-describedby=\"gallery-1-10836\" srcset=\"https:\/\/oldtemas.teknolojig.net\/wp-content\/uploads\/2015\/06\/video-wall5-150x150.jpg 150w, https:\/\/oldtemas.teknolojig.net\/wp-content\/uploads\/2015\/06\/video-wall5-200x200.jpg 200w, https:\/\/oldtemas.teknolojig.net\/wp-content\/uploads\/2015\/06\/video-wall5-80x80.jpg 80w, https:\/\/oldtemas.teknolojig.net\/wp-content\/uploads\/2015\/06\/video-wall5-500x500.jpg 500w, https:\/\/oldtemas.teknolojig.net\/wp-content\/uploads\/2015\/06\/video-wall5-1000x1000.jpg 1000w\" sizes=\"(max-width: 150px) 100vw, 150px\" \/><\/a>\n\t\t\t\t<\/dt>\n\t\t\t\t\t<dd class='wp-caption-text gallery-caption' id='gallery-1-10836'>\n\t\t\t\t\tSAMSUNG DIGITAL CAMERA\n\t\t\t\t\t<\/dd><\/dl><br style=\"clear: both\" \/><dl class='gallery-item'>\n\t\t\t\t<dt class='gallery-icon landscape'>\n\t\t\t\t\t<a class=\"rollover rollover-zoom dt-pswp-item\" title=\"video-wall-siyah-beyaz\" data-dt-img-description=\"\" data-large_image_width=\"556\" data-large_image_height=\"494\"href='https:\/\/oldtemas.teknolojig.net\/wp-content\/uploads\/2015\/06\/video-wall-siyah-beyaz.jpg'><img loading=\"lazy\" decoding=\"async\" width=\"150\" height=\"150\" src=\"https:\/\/oldtemas.teknolojig.net\/wp-content\/uploads\/2015\/06\/video-wall-siyah-beyaz-150x150.jpg\" class=\"attachment-thumbnail size-thumbnail\" alt=\"\" srcset=\"https:\/\/oldtemas.teknolojig.net\/wp-content\/uploads\/2015\/06\/video-wall-siyah-beyaz-150x150.jpg 150w, https:\/\/oldtemas.teknolojig.net\/wp-content\/uploads\/2015\/06\/video-wall-siyah-beyaz-200x200.jpg 200w, https:\/\/oldtemas.teknolojig.net\/wp-content\/uploads\/2015\/06\/video-wall-siyah-beyaz-80x80.jpg 80w\" sizes=\"(max-width: 150px) 100vw, 150px\" \/><\/a>\n\t\t\t\t<\/dt><\/dl><dl class='gallery-item'>\n\t\t\t\t<dt class='gallery-icon landscape'>\n\t\t\t\t\t<a class=\"rollover rollover-zoom dt-pswp-item\" title=\"hisar-hospital-videowall\" data-dt-img-description=\"\" data-large_image_width=\"2560\" data-large_image_height=\"1920\"href='https:\/\/oldtemas.teknolojig.net\/wp-content\/uploads\/2015\/06\/hisar-hospital-videowall-scaled.jpg'><img loading=\"lazy\" decoding=\"async\" width=\"150\" height=\"150\" src=\"https:\/\/oldtemas.teknolojig.net\/wp-content\/uploads\/2015\/06\/hisar-hospital-videowall-150x150.jpg\" class=\"attachment-thumbnail size-thumbnail\" alt=\"\" srcset=\"https:\/\/oldtemas.teknolojig.net\/wp-content\/uploads\/2015\/06\/hisar-hospital-videowall-150x150.jpg 150w, https:\/\/oldtemas.teknolojig.net\/wp-content\/uploads\/2015\/06\/hisar-hospital-videowall-scaled-200x200.jpg 200w, https:\/\/oldtemas.teknolojig.net\/wp-content\/uploads\/2015\/06\/hisar-hospital-videowall-80x80.jpg 80w, https:\/\/oldtemas.teknolojig.net\/wp-content\/uploads\/2015\/06\/hisar-hospital-videowall-500x500.jpg 500w, https:\/\/oldtemas.teknolojig.net\/wp-content\/uploads\/2015\/06\/hisar-hospital-videowall-1000x1000.jpg 1000w\" sizes=\"(max-width: 150px) 100vw, 150px\" \/><\/a>\n\t\t\t\t<\/dt><\/dl>\n\t\t\t\t<br style='clear: both' \/>\n\t\t\t<\/div>\n\n<p>[\/vc_column_text][\/vc_column_inner][\/vc_row_inner][\/vc_tab][vc_tab title=&#8221;Optional Features&#8221; tab_id=&#8221;1bb013de-4502-2&#8243;][vc_column_text]<\/p>\n<h3>Optional Features<\/h3>\n<ul>\n<li>Digital signage software(you can create your own display system)<\/li>\n<li>Flash based custom contents<\/li>\n<li>Processor, memory, hard disk improve<\/li>\n<li>450cd\/m2 -700cd\/m2\/1500cd\/m2 Brightness options<\/li>\n<\/ul>\n<p>[\/vc_column_text][\/vc_tab][\/vc_tabs][\/vc_column][\/vc_row]<\/p>\n<\/div>","protected":false},"excerpt":{"rendered":"<p>[vc_row row_fullwidth=&#8221;&#8221; row_vertical_center=&#8221;&#8221; row_fullheight=&#8221;&#8221; row_zero_column_space=&#8221;&#8221; bg_parallax=&#8221;off&#8221; bg_slider=&#8221;off&#8221; bg_video=&#8221;off&#8221; bottom_button=&#8221;off&#8221; bottom_button_color=&#8221;#222222&#8243; css=&#8221;.vc_custom_1433756055472{margin-top: 2px !important;}&#8221;][vc_column width=&#8221;1\/2&#8243;][minti_image img=&#8221;894&#8243; align=&#8221;center&#8221; animation=&#8221;fade-in&#8221; lightbox=&#8221;1&#8243;][\/vc_column][vc_column width=&#8221;1\/2&#8243;][vc_column_text] Maximize the effect on customer with high resolution huge screens Get the can not be ignored, colorful and amazing contents. Video wall is effective in introducing, advertisements, entertainments, command centers, fairs, TV studios and work center&hellip;<\/p>\n","protected":false},"author":1,"featured_media":14892,"parent":0,"menu_order":0,"comment_status":"closed","ping_status":"closed","template":"","meta":{"footnotes":""},"class_list":["post-2158","page","type-page","status-publish","has-post-thumbnail","hentry","description-off"],"yoast_head":"<!-- This site is optimized with the Yoast SEO plugin v26.1.1 - https:\/\/yoast.com\/wordpress\/plugins\/seo\/ -->\n<title>Video Wall \u00c7\u00f6z\u00fcmleri, Videowall Ekranlar<\/title>\n<meta name=\"description\" content=\"Videowall ekranlar\" \/>\n<meta name=\"robots\" content=\"index, follow, max-snippet:-1, max-image-preview:large, max-video-preview:-1\" \/>\n<link rel=\"canonical\" href=\"https:\/\/oldtemas.teknolojig.net\/en\/video-walls\/\" \/>\n<meta property=\"og:locale\" content=\"en_US\" \/>\n<meta property=\"og:type\" content=\"article\" \/>\n<meta property=\"og:title\" content=\"Video Wall \u00c7\u00f6z\u00fcmleri, Videowall Ekranlar\" \/>\n<meta property=\"og:description\" content=\"Videowall ekranlar\" \/>\n<meta property=\"og:url\" content=\"https:\/\/oldtemas.teknolojig.net\/en\/video-walls\/\" \/>\n<meta property=\"og:site_name\" content=\"Digital Signage | TEMAS TEKNOLOJ\u0130\" \/>\n<meta property=\"article:publisher\" content=\"https:\/\/www.facebook.com\/temasteknolojitr\/\" \/>\n<meta property=\"article:modified_time\" content=\"2020-01-08T21:24:22+00:00\" \/>\n<meta property=\"og:image\" content=\"https:\/\/oldtemas.teknolojig.net\/wp-content\/uploads\/2013\/11\/crea-videowall-onecikan.jpg\" \/>\n\t<meta property=\"og:image:width\" content=\"1000\" \/>\n\t<meta property=\"og:image:height\" content=\"1000\" \/>\n\t<meta property=\"og:image:type\" content=\"image\/jpeg\" \/>\n<meta name=\"twitter:card\" content=\"summary_large_image\" \/>\n<meta name=\"twitter:label1\" content=\"Est. reading time\" \/>\n\t<meta name=\"twitter:data1\" content=\"1 minute\" \/>\n<script type=\"application\/ld+json\" class=\"yoast-schema-graph\">{\"@context\":\"https:\/\/schema.org\",\"@graph\":[{\"@type\":\"WebPage\",\"@id\":\"https:\/\/oldtemas.teknolojig.net\/en\/video-walls\/\",\"url\":\"https:\/\/oldtemas.teknolojig.net\/en\/video-walls\/\",\"name\":\"Video Wall \u00c7\u00f6z\u00fcmleri, Videowall Ekranlar\",\"isPartOf\":{\"@id\":\"https:\/\/oldtemas.teknolojig.net\/en\/#website\"},\"primaryImageOfPage\":{\"@id\":\"https:\/\/oldtemas.teknolojig.net\/en\/video-walls\/#primaryimage\"},\"image\":{\"@id\":\"https:\/\/oldtemas.teknolojig.net\/en\/video-walls\/#primaryimage\"},\"thumbnailUrl\":\"https:\/\/oldtemas.teknolojig.net\/wp-content\/uploads\/2013\/11\/crea-videowall-onecikan.jpg\",\"datePublished\":\"2015-06-20T08:18:53+00:00\",\"dateModified\":\"2020-01-08T21:24:22+00:00\",\"description\":\"Videowall ekranlar\",\"breadcrumb\":{\"@id\":\"https:\/\/oldtemas.teknolojig.net\/en\/video-walls\/#breadcrumb\"},\"inLanguage\":\"en-US\",\"potentialAction\":[{\"@type\":\"ReadAction\",\"target\":[\"https:\/\/oldtemas.teknolojig.net\/en\/video-walls\/\"]}]},{\"@type\":\"ImageObject\",\"inLanguage\":\"en-US\",\"@id\":\"https:\/\/oldtemas.teknolojig.net\/en\/video-walls\/#primaryimage\",\"url\":\"https:\/\/oldtemas.teknolojig.net\/wp-content\/uploads\/2013\/11\/crea-videowall-onecikan.jpg\",\"contentUrl\":\"https:\/\/oldtemas.teknolojig.net\/wp-content\/uploads\/2013\/11\/crea-videowall-onecikan.jpg\",\"width\":1000,\"height\":1000},{\"@type\":\"BreadcrumbList\",\"@id\":\"https:\/\/oldtemas.teknolojig.net\/en\/video-walls\/#breadcrumb\",\"itemListElement\":[{\"@type\":\"ListItem\",\"position\":1,\"name\":\"Ana Sayfa\",\"item\":\"https:\/\/oldtemas.teknolojig.net\/en\/\"},{\"@type\":\"ListItem\",\"position\":2,\"name\":\"Video Walls\"}]},{\"@type\":\"WebSite\",\"@id\":\"https:\/\/oldtemas.teknolojig.net\/en\/#website\",\"url\":\"https:\/\/oldtemas.teknolojig.net\/en\/\",\"name\":\"Digital Signage, Video Konferans, Profesyonel G\u00f6r\u00fcnt\u00fc ve Ses Sistemleri\",\"description\":\"Digital Signage &amp; Digital Interactive Display Solutions\",\"publisher\":{\"@id\":\"https:\/\/oldtemas.teknolojig.net\/en\/#organization\"},\"alternateName\":\"TEMAS TEKNOLOJ\u0130\",\"potentialAction\":[{\"@type\":\"SearchAction\",\"target\":{\"@type\":\"EntryPoint\",\"urlTemplate\":\"https:\/\/oldtemas.teknolojig.net\/en\/?s={search_term_string}\"},\"query-input\":{\"@type\":\"PropertyValueSpecification\",\"valueRequired\":true,\"valueName\":\"search_term_string\"}}],\"inLanguage\":\"en-US\"},{\"@type\":\"Organization\",\"@id\":\"https:\/\/oldtemas.teknolojig.net\/en\/#organization\",\"name\":\"Temas Teknoloji\",\"url\":\"https:\/\/oldtemas.teknolojig.net\/en\/\",\"logo\":{\"@type\":\"ImageObject\",\"inLanguage\":\"en-US\",\"@id\":\"https:\/\/oldtemas.teknolojig.net\/en\/#\/schema\/logo\/image\/\",\"url\":\"https:\/\/oldtemas.teknolojig.net\/wp-content\/uploads\/2020\/01\/temaslogo1.png\",\"contentUrl\":\"https:\/\/oldtemas.teknolojig.net\/wp-content\/uploads\/2020\/01\/temaslogo1.png\",\"width\":150,\"height\":43,\"caption\":\"Temas Teknoloji\"},\"image\":{\"@id\":\"https:\/\/oldtemas.teknolojig.net\/en\/#\/schema\/logo\/image\/\"},\"sameAs\":[\"https:\/\/www.facebook.com\/temasteknolojitr\/\",\"https:\/\/www.linkedin.com\/company\/temastechnology\/\",\"https:\/\/www.instagram.com\/temasteknoloji\/\"]}]}<\/script>\n<!-- \/ Yoast SEO plugin. -->","yoast_head_json":{"title":"Video Wall \u00c7\u00f6z\u00fcmleri, Videowall Ekranlar","description":"Videowall ekranlar","robots":{"index":"index","follow":"follow","max-snippet":"max-snippet:-1","max-image-preview":"max-image-preview:large","max-video-preview":"max-video-preview:-1"},"canonical":"https:\/\/oldtemas.teknolojig.net\/en\/video-walls\/","og_locale":"en_US","og_type":"article","og_title":"Video Wall \u00c7\u00f6z\u00fcmleri, Videowall Ekranlar","og_description":"Videowall ekranlar","og_url":"https:\/\/oldtemas.teknolojig.net\/en\/video-walls\/","og_site_name":"Digital Signage | TEMAS TEKNOLOJ\u0130","article_publisher":"https:\/\/www.facebook.com\/temasteknolojitr\/","article_modified_time":"2020-01-08T21:24:22+00:00","og_image":[{"width":1000,"height":1000,"url":"https:\/\/oldtemas.teknolojig.net\/wp-content\/uploads\/2013\/11\/crea-videowall-onecikan.jpg","type":"image\/jpeg"}],"twitter_card":"summary_large_image","twitter_misc":{"Est. reading time":"1 minute"},"schema":{"@context":"https:\/\/schema.org","@graph":[{"@type":"WebPage","@id":"https:\/\/oldtemas.teknolojig.net\/en\/video-walls\/","url":"https:\/\/oldtemas.teknolojig.net\/en\/video-walls\/","name":"Video Wall \u00c7\u00f6z\u00fcmleri, Videowall Ekranlar","isPartOf":{"@id":"https:\/\/oldtemas.teknolojig.net\/en\/#website"},"primaryImageOfPage":{"@id":"https:\/\/oldtemas.teknolojig.net\/en\/video-walls\/#primaryimage"},"image":{"@id":"https:\/\/oldtemas.teknolojig.net\/en\/video-walls\/#primaryimage"},"thumbnailUrl":"https:\/\/oldtemas.teknolojig.net\/wp-content\/uploads\/2013\/11\/crea-videowall-onecikan.jpg","datePublished":"2015-06-20T08:18:53+00:00","dateModified":"2020-01-08T21:24:22+00:00","description":"Videowall ekranlar","breadcrumb":{"@id":"https:\/\/oldtemas.teknolojig.net\/en\/video-walls\/#breadcrumb"},"inLanguage":"en-US","potentialAction":[{"@type":"ReadAction","target":["https:\/\/oldtemas.teknolojig.net\/en\/video-walls\/"]}]},{"@type":"ImageObject","inLanguage":"en-US","@id":"https:\/\/oldtemas.teknolojig.net\/en\/video-walls\/#primaryimage","url":"https:\/\/oldtemas.teknolojig.net\/wp-content\/uploads\/2013\/11\/crea-videowall-onecikan.jpg","contentUrl":"https:\/\/oldtemas.teknolojig.net\/wp-content\/uploads\/2013\/11\/crea-videowall-onecikan.jpg","width":1000,"height":1000},{"@type":"BreadcrumbList","@id":"https:\/\/oldtemas.teknolojig.net\/en\/video-walls\/#breadcrumb","itemListElement":[{"@type":"ListItem","position":1,"name":"Ana Sayfa","item":"https:\/\/oldtemas.teknolojig.net\/en\/"},{"@type":"ListItem","position":2,"name":"Video Walls"}]},{"@type":"WebSite","@id":"https:\/\/oldtemas.teknolojig.net\/en\/#website","url":"https:\/\/oldtemas.teknolojig.net\/en\/","name":"Digital Signage, Video Konferans, Profesyonel G\u00f6r\u00fcnt\u00fc ve Ses Sistemleri","description":"Digital Signage &amp; Digital Interactive Display Solutions","publisher":{"@id":"https:\/\/oldtemas.teknolojig.net\/en\/#organization"},"alternateName":"TEMAS TEKNOLOJ\u0130","potentialAction":[{"@type":"SearchAction","target":{"@type":"EntryPoint","urlTemplate":"https:\/\/oldtemas.teknolojig.net\/en\/?s={search_term_string}"},"query-input":{"@type":"PropertyValueSpecification","valueRequired":true,"valueName":"search_term_string"}}],"inLanguage":"en-US"},{"@type":"Organization","@id":"https:\/\/oldtemas.teknolojig.net\/en\/#organization","name":"Temas Teknoloji","url":"https:\/\/oldtemas.teknolojig.net\/en\/","logo":{"@type":"ImageObject","inLanguage":"en-US","@id":"https:\/\/oldtemas.teknolojig.net\/en\/#\/schema\/logo\/image\/","url":"https:\/\/oldtemas.teknolojig.net\/wp-content\/uploads\/2020\/01\/temaslogo1.png","contentUrl":"https:\/\/oldtemas.teknolojig.net\/wp-content\/uploads\/2020\/01\/temaslogo1.png","width":150,"height":43,"caption":"Temas Teknoloji"},"image":{"@id":"https:\/\/oldtemas.teknolojig.net\/en\/#\/schema\/logo\/image\/"},"sameAs":["https:\/\/www.facebook.com\/temasteknolojitr\/","https:\/\/www.linkedin.com\/company\/temastechnology\/","https:\/\/www.instagram.com\/temasteknoloji\/"]}]}},"_links":{"self":[{"href":"https:\/\/oldtemas.teknolojig.net\/en\/wp-json\/wp\/v2\/pages\/2158","targetHints":{"allow":["GET"]}}],"collection":[{"href":"https:\/\/oldtemas.teknolojig.net\/en\/wp-json\/wp\/v2\/pages"}],"about":[{"href":"https:\/\/oldtemas.teknolojig.net\/en\/wp-json\/wp\/v2\/types\/page"}],"author":[{"embeddable":true,"href":"https:\/\/oldtemas.teknolojig.net\/en\/wp-json\/wp\/v2\/users\/1"}],"replies":[{"embeddable":true,"href":"https:\/\/oldtemas.teknolojig.net\/en\/wp-json\/wp\/v2\/comments?post=2158"}],"version-history":[{"count":0,"href":"https:\/\/oldtemas.teknolojig.net\/en\/wp-json\/wp\/v2\/pages\/2158\/revisions"}],"wp:featuredmedia":[{"embeddable":true,"href":"https:\/\/oldtemas.teknolojig.net\/en\/wp-json\/wp\/v2\/media\/14892"}],"wp:attachment":[{"href":"https:\/\/oldtemas.teknolojig.net\/en\/wp-json\/wp\/v2\/media?parent=2158"}],"curies":[{"name":"wp","href":"https:\/\/api.w.org\/{rel}","templated":true}]}}